{"id":5,"date":"2021-07-12T19:47:28","date_gmt":"2021-07-12T19:47:28","guid":{"rendered":"http:\/\/jeroy-com.com\/bienvenue-sur-http-jeroy-com-com"},"modified":"2021-07-12T19:47:28","modified_gmt":"2021-07-12T19:47:28","slug":"bienvenue-sur-http-jeroy-com-com","status":"publish","type":"page","link":"https:\/\/jeroy-com.com\/en\/bienvenue-sur-http-jeroy-com-com","title":{"rendered":"Bienvenue sur http:\/\/jeroy-com.com"},"content":{"rendered":"<p>Voici votre page d&rsquo;accueil. C&rsquo;est diff\u00e9rent d&rsquo;un article de blog parce qu&rsquo;elle restera au m\u00eame endroit et appara\u00eetra dans la navigation de votre site (dans la plupart des th\u00e8mes).<\/p>\n\n\n\n<p>En tant qu&rsquo;utilisateur ou utilisatrice connect\u00e9\u00b7e \u00e0 WordPress, vous pouvez modifier cette page en cliquant sur le bouton <strong>Modifier la page<\/strong> dans la barre d&rsquo;outils. Cette page peut servir \u00e0 vous pr\u00e9senter ou \u00e0 pr\u00e9senter votre entreprise aux visiteurs du site et ressembler \u00e0 quelque chose comme cela :<\/p>\n\n\n\n<blockquote class=\"wp-block-quote is-layout-flow wp-block-quote-is-layout-flow\">\n    <p>Bonjour ! Je suis un m\u00e9canicien qui aspire \u00e0 devenir acteur, et voici mon site. J\u2019habite \u00e0 Bordeaux, j\u2019ai un super chien baptis\u00e9 Russell, et j\u2019aime la vodka-ananas (ainsi qu\u2019\u00eatre surpris par la pluie soudaine lors de longues balades sur la plage au coucher du soleil).<\/p>\n<\/blockquote>\n\n\n\n<p>&#8230; ou quelque chose comme cela :<\/p>\n\n\n\n<blockquote class=\"wp-block-quote is-layout-flow wp-block-quote-is-layout-flow\">\n    <p>La soci\u00e9t\u00e9 123 Machin Truc a \u00e9t\u00e9 cr\u00e9\u00e9e en 1971, et n\u2019a cess\u00e9 de proposer au public des machins-trucs de qualit\u00e9 depuis lors. Situ\u00e9e \u00e0 Saint-Remy-en-Bouzemont-Saint-Genest-et-Isson, 123 Machin Truc emploie 2 000 personnes, et fabrique toutes sortes de bidules super pour la communaut\u00e9 bouzemontoise.<\/p>\n<\/blockquote>\n\n\n\n<p>Si vous pr\u00e9f\u00e9rez afficher vos derniers articles sur la page d&rsquo;accueil, rendez-vous sur la page de <a href='http:\/\/jeroy-com.com\/wp-admin\/options-reading.php'>R\u00e9glages<\/a> et choisissez l&rsquo;option \u00abLes derniers articles\u00bb pour la page d&rsquo;accueil.<\/p>\n\n\n\n<p>Amusez-vous bien !<\/p>","protected":false},"excerpt":{"rendered":"<p>Voici votre page d&rsquo;accueil. C&rsquo;est diff\u00e9rent d&rsquo;un article de blog parce qu&rsquo;elle restera au m\u00eame endroit et appara\u00eetra dans la navigation de votre site (dans la plupart des th\u00e8mes). En tant qu&rsquo;utilisateur ou utilisatrice connect\u00e9\u00b7e \u00e0 WordPress, vous pouvez modifier cette page en cliquant sur <span class=\"read-more\"><a class=\"more-link btn btn-transparent\" href=\"https:\/\/jeroy-com.com\/en\/bienvenue-sur-http-jeroy-com-com\">Lire la suite . . .<\/a><\/span><\/p>","protected":false},"author":1,"featured_media":0,"parent":0,"menu_order":0,"comment_status":"closed","ping_status":"open","template":"","meta":{"footnotes":""},"class_list":["post-5","page","type-page","status-publish","hentry"],"jetpack_sharing_enabled":true,"_links":{"self":[{"href":"https:\/\/jeroy-com.com\/en\/wp-json\/wp\/v2\/pages\/5","targetHints":{"allow":["GET"]}}],"collection":[{"href":"https:\/\/jeroy-com.com\/en\/wp-json\/wp\/v2\/pages"}],"about":[{"href":"https:\/\/jeroy-com.com\/en\/wp-json\/wp\/v2\/types\/page"}],"author":[{"embeddable":true,"href":"https:\/\/jeroy-com.com\/en\/wp-json\/wp\/v2\/users\/1"}],"replies":[{"embeddable":true,"href":"https:\/\/jeroy-com.com\/en\/wp-json\/wp\/v2\/comments?post=5"}],"version-history":[{"count":0,"href":"https:\/\/jeroy-com.com\/en\/wp-json\/wp\/v2\/pages\/5\/revisions"}],"wp:attachment":[{"href":"https:\/\/jeroy-com.com\/en\/wp-json\/wp\/v2\/media?parent=5"}],"curies":[{"name":"wp","href":"https:\/\/api.w.org\/{rel}","templated":true}]}}